{"id":1678,"date":"2022-06-06T07:42:22","date_gmt":"2022-06-06T07:42:22","guid":{"rendered":"https:\/\/nicktesting.kinsta.cloud\/shopdiko1\/?page_id=10"},"modified":"2025-10-05T01:28:30","modified_gmt":"2025-10-05T01:28:30","slug":"project","status":"publish","type":"page","link":"https:\/\/pateka.de\/de\/project\/","title":{"rendered":"Projekte"},"content":{"rendered":"<div data-elementor-type=\"wp-page\" data-elementor-id=\"1678\" class=\"elementor elementor-1678\">\n\t\t\t\t<div class=\"elementor-element elementor-element-ba49d62 e-flex e-con-boxed wpr-particle-no wpr-jarallax-no wpr-parallax-no wpr-sticky-section-no wpr-equal-height-no e-con e-parent\" data-id=\"ba49d62\" data-element_type=\"container\" data-e-type=\"container\" data-settings=\"{&quot;background_background&quot;:&quot;classic&quot;,&quot;animation&quot;:&quot;none&quot;}\">\n\t\t\t\t\t<div class=\"e-con-inner\">\n\t\t<div class=\"elementor-element elementor-element-041c380 e-flex e-con-boxed wpr-particle-no wpr-jarallax-no wpr-parallax-no wpr-sticky-section-no wpr-equal-height-no e-con e-child\" data-id=\"041c380\" data-element_type=\"container\" data-e-type=\"container\">\n\t\t\t\t\t<div class=\"e-con-inner\">\n\t\t\t\t<div class=\"elementor-element elementor-element-b086061 elementor-invisible elementor-widget elementor-widget-heading\" data-id=\"b086061\" data-element_type=\"widget\" data-e-type=\"widget\" data-settings=\"{&quot;_animation&quot;:&quot;fadeInLeft&quot;}\" data-widget_type=\"heading.default\">\n\t\t\t\t<div class=\"elementor-widget-container\">\n\t\t\t\t\t<h2 class=\"elementor-heading-title elementor-size-default\">Bevorstehende Projekte<\/h2>\t\t\t\t<\/div>\n\t\t\t\t<\/div>\n\t\t\t\t\t<\/div>\n\t\t\t\t<\/div>\n\t\t\t\t\t<\/div>\n\t\t\t\t<\/div>\n\t\t<div class=\"elementor-element elementor-element-bd06c35 e-flex e-con-boxed wpr-particle-no wpr-jarallax-no wpr-parallax-no wpr-sticky-section-no wpr-equal-height-no e-con e-parent\" data-id=\"bd06c35\" data-element_type=\"container\" data-e-type=\"container\" data-settings=\"{&quot;background_background&quot;:&quot;classic&quot;}\">\n\t\t\t\t\t<div class=\"e-con-inner\">\n\t\t\t\t<div class=\"elementor-element elementor-element-98a43ae meta-visibility-show title_position_default title_hover_border_default title-default img_hover_animation_default meta_position_default tpg-category-position-default readmore-btn-default-style grid-hover-overlay-type-always tpg-el-box-border-enable tpg-border-bottom-disable elementor-invisible elementor-widget elementor-widget-tpg-grid-layout\" data-id=\"98a43ae\" data-element_type=\"widget\" data-e-type=\"widget\" data-settings=\"{&quot;_animation&quot;:&quot;fadeIn&quot;}\" data-widget_type=\"tpg-grid-layout.default\">\n\t\t\t\t<div class=\"elementor-widget-container\">\n\t\t\t\t\t\t\t<div class=\"rt-container-fluid rt-tpg-container tpg-el-main-wrapper clearfix grid-layout1-main\"\n\t\t\t id=\"rt-tpg-container-2661418643\"\n\t\t\t data-layout=\"grid-layout1\"\n\t\t\t data-grid-style=\"tpg-full-height\"\n\t\t\t data-sc-id=\"elementor\"\n\t\t\t data-el-settings=''\n\t\t\t data-el-query=''\n\t\t\t data-el-path=''\n\t\t>\n\t\t\t\t\t\t<div class='tpg-header-wrapper'>\n\t\t\t\t\t\t\t<\/div>\n\n\t\t\t<div data-title=\"Loading ...\" class=\"rt-row rt-content-loader grid-layout1 grid-behaviour tpg-full-height grid_layout_wrapper\">\n\t\t\t\t<div class=\"rt-col-md-4 rt-col-sm-6 rt-col-xs-12 default rt-grid-item post-5604 post type-post status-publish format-standard has-post-thumbnail hentry category-upcoming-project\"        data-id=\"5604\">\n    <div class=\"rt-holder tpg-post-holder\">\n        <div class=\"rt-detail rt-el-content-wrapper\">\n\t\t\t                <div class=\"rt-img-holder tpg-el-image-wrap has-thumbnail\">\n\t\t\t\t\t<a data-id=\"5604\" href=\"https:\/\/pateka.de\/de\/2025\/09\/25\/fostering-education-and-exchange-across-borders\/\" class=\"tpg-post-link\" target=\"_self\">                        <img fetchpriority=\"high\" decoding=\"async\" src=\"https:\/\/pateka.de\/wp-content\/uploads\/2025\/09\/pexels-tima-miroshnichenko-5428267-768x512.webp\"\n                             class=\"rt-img-responsive\"\n                             width=\"768\"\n                             height=\"512\"\n                             alt=\"Fostering Education and Exchange Across Borders\">\n\t\t\t\t\t\t\n\t\t\t\t\t\t\t\n\t\t<\/a>\n\t\t        <div class=\"overlay grid-hover-content\"><\/div>\n\t\t                <\/div>\n\t\t\t\n\t\t\t<div class=\"entry-title-wrapper\"><h3 class=\"entry-title\"><a data-id=\"5604\" href=\"https:\/\/pateka.de\/de\/2025\/09\/25\/fostering-education-and-exchange-across-borders\/\" class=\"tpg-post-link\" target=\"_self\">Bildung und Austausch \u00fcber Grenzen hinweg f\u00f6rdern<\/a><\/h3><\/div>\n\t\t\t                <div class=\"post-meta-tags rt-el-post-meta\">\n\t\t\t\t\t            <span class='categories-links'>\n\t\t\t\t<i class='fas fa-folder-open'><\/i><a class=\"upcoming-project\" href=\"https:\/\/pateka.de\/de\/category\/upcoming-project\/\">Bildungschancen erweitern<\/a>\t\t\t<\/span>\n\t\t\t                <\/div>\n\t\t\t\n\n\t\t\t                <div class=\"tpg-excerpt tpg-el-excerpt\">\n\t\t\t\t\t                        <div class=\"tpg-excerpt-inner\">\n\t\t\t\t\t\t\tWir sind stolz, die Planung eines aufregenden neuen Projekts bekannt zu geben, das sich auf Bildung und interkulturellen Austausch konzentriert. In Zusammenarbeit mit einer engagierten Organisation in Kolumbien m\u00f6chten wir ein langfristiges...                        <\/div>\n\t\t\t\t\t\t\t\t\t\t                <\/div>\n\t\t\t\n\t\t\t        <div class=\"post-footer\">\n            <div class=\"post-footer\">\n                <div class=\"read-more\">\n\t\t\t\t\t<a data-id=\"5604\" href=\"https:\/\/pateka.de\/de\/2025\/09\/25\/fostering-education-and-exchange-across-borders\/\" class=\"tpg-post-link\" target=\"_self\">Mehr lesen<\/a>                <\/div>\n            <\/div>\n        <\/div>\n\t\t        <\/div>\n    <\/div>\n<\/div>\n<div class=\"rt-col-md-4 rt-col-sm-6 rt-col-xs-12 default rt-grid-item post-3918 post type-post status-publish format-standard has-post-thumbnail hentry category-upcoming-project\"        data-id=\"3918\">\n    <div class=\"rt-holder tpg-post-holder\">\n        <div class=\"rt-detail rt-el-content-wrapper\">\n\t\t\t                <div class=\"rt-img-holder tpg-el-image-wrap has-thumbnail\">\n\t\t\t\t\t<a data-id=\"3918\" href=\"https:\/\/pateka.de\/de\/2024\/07\/01\/community-programme\/\" class=\"tpg-post-link\" target=\"_self\">                        <img decoding=\"async\" src=\"https:\/\/pateka.de\/wp-content\/uploads\/2024\/07\/pexels-yogendras31-4643353-768x512.jpg\"\n                             class=\"rt-img-responsive\"\n                             width=\"768\"\n                             height=\"512\"\n                             alt=\"Community Programme\">\n\t\t\t\t\t\t\n\t\t\t\t\t\t\t\n\t\t<\/a>\n\t\t        <div class=\"overlay grid-hover-content\"><\/div>\n\t\t                <\/div>\n\t\t\t\n\t\t\t<div class=\"entry-title-wrapper\"><h3 class=\"entry-title\"><a data-id=\"3918\" href=\"https:\/\/pateka.de\/de\/2024\/07\/01\/community-programme\/\" class=\"tpg-post-link\" target=\"_self\">Gemeinschaftsprogramm<\/a><\/h3><\/div>\n\t\t\t                <div class=\"post-meta-tags rt-el-post-meta\">\n\t\t\t\t\t            <span class='categories-links'>\n\t\t\t\t<i class='fas fa-folder-open'><\/i><a class=\"upcoming-project\" href=\"https:\/\/pateka.de\/de\/category\/upcoming-project\/\">Bildungschancen erweitern<\/a>\t\t\t<\/span>\n\t\t\t                <\/div>\n\t\t\t\n\n\t\t\t                <div class=\"tpg-excerpt tpg-el-excerpt\">\n\t\t\t\t\t                        <div class=\"tpg-excerpt-inner\">\n\t\t\t\t\t\t\tWir werden verschiedene Gemeinschaftsprogramme organisieren, die Sch\u00fcler und Studierende \u00fcber finanzielle Unterst\u00fctzung hinaus f\u00f6rdern. Diese Programme werden Unterst\u00fctzungsgruppen schaffen, die ...                        <\/div>\n\t\t\t\t\t\t\t\t\t\t                <\/div>\n\t\t\t\n\t\t\t        <div class=\"post-footer\">\n            <div class=\"post-footer\">\n                <div class=\"read-more\">\n\t\t\t\t\t<a data-id=\"3918\" href=\"https:\/\/pateka.de\/de\/2024\/07\/01\/community-programme\/\" class=\"tpg-post-link\" target=\"_self\">Mehr lesen<\/a>                <\/div>\n            <\/div>\n        <\/div>\n\t\t        <\/div>\n    <\/div>\n<\/div>\n<div class=\"rt-col-md-4 rt-col-sm-6 rt-col-xs-12 default rt-grid-item post-3914 post type-post status-publish format-standard has-post-thumbnail hentry category-upcoming-project\"        data-id=\"3914\">\n    <div class=\"rt-holder tpg-post-holder\">\n        <div class=\"rt-detail rt-el-content-wrapper\">\n\t\t\t                <div class=\"rt-img-holder tpg-el-image-wrap has-thumbnail\">\n\t\t\t\t\t<a data-id=\"3914\" href=\"https:\/\/pateka.de\/de\/2024\/07\/01\/education-scholarship\/\" class=\"tpg-post-link\" target=\"_self\">                        <img decoding=\"async\" src=\"https:\/\/pateka.de\/wp-content\/uploads\/2024\/07\/pexels-george-pak-7972735-768x512.jpg\"\n                             class=\"rt-img-responsive\"\n                             width=\"768\"\n                             height=\"512\"\n                             alt=\"Education scholarship\">\n\t\t\t\t\t\t\n\t\t\t\t\t\t\t\n\t\t<\/a>\n\t\t        <div class=\"overlay grid-hover-content\"><\/div>\n\t\t                <\/div>\n\t\t\t\n\t\t\t<div class=\"entry-title-wrapper\"><h3 class=\"entry-title\"><a data-id=\"3914\" href=\"https:\/\/pateka.de\/de\/2024\/07\/01\/education-scholarship\/\" class=\"tpg-post-link\" target=\"_self\">Bildungsstipendium<\/a><\/h3><\/div>\n\t\t\t                <div class=\"post-meta-tags rt-el-post-meta\">\n\t\t\t\t\t            <span class='categories-links'>\n\t\t\t\t<i class='fas fa-folder-open'><\/i><a class=\"upcoming-project\" href=\"https:\/\/pateka.de\/de\/category\/upcoming-project\/\">Bildungschancen erweitern<\/a>\t\t\t<\/span>\n\t\t\t                <\/div>\n\t\t\t\n\n\t\t\t                <div class=\"tpg-excerpt tpg-el-excerpt\">\n\t\t\t\t\t                        <div class=\"tpg-excerpt-inner\">\n\t\t\t\t\t\t\tWir werden uns f\u00fcr die Bereitstellung von Bildungsstipendien f\u00fcr bed\u00fcrftige Kinder, Jugendliche und Studenten im In- und Ausland einsetzen...                        <\/div>\n\t\t\t\t\t\t\t\t\t\t                <\/div>\n\t\t\t\n\t\t\t        <div class=\"post-footer\">\n            <div class=\"post-footer\">\n                <div class=\"read-more\">\n\t\t\t\t\t<a data-id=\"3914\" href=\"https:\/\/pateka.de\/de\/2024\/07\/01\/education-scholarship\/\" class=\"tpg-post-link\" target=\"_self\">Mehr lesen<\/a>                <\/div>\n            <\/div>\n        <\/div>\n\t\t        <\/div>\n    <\/div>\n<\/div>\n<div class=\"rt-col-md-4 rt-col-sm-6 rt-col-xs-12 default rt-grid-item post-3889 post type-post status-publish format-standard has-post-thumbnail hentry category-upcoming-project\"        data-id=\"3889\">\n    <div class=\"rt-holder tpg-post-holder\">\n        <div class=\"rt-detail rt-el-content-wrapper\">\n\t\t\t                <div class=\"rt-img-holder tpg-el-image-wrap has-thumbnail\">\n\t\t\t\t\t<a data-id=\"3889\" href=\"https:\/\/pateka.de\/de\/2024\/06\/28\/upcoming-project\/\" class=\"tpg-post-link\" target=\"_self\">                        <img loading=\"lazy\" decoding=\"async\" src=\"https:\/\/pateka.de\/wp-content\/uploads\/2024\/06\/pexels-pallav-suthar-420903511-15119089-1-scaled-e1740333879129-768x502.jpg\"\n                             class=\"rt-img-responsive\"\n                             width=\"768\"\n                             height=\"502\"\n                             alt=\"Expanding Educational Opportunities\">\n\t\t\t\t\t\t\n\t\t\t\t\t\t\t\n\t\t<\/a>\n\t\t        <div class=\"overlay grid-hover-content\"><\/div>\n\t\t                <\/div>\n\t\t\t\n\t\t\t<div class=\"entry-title-wrapper\"><h3 class=\"entry-title\"><a data-id=\"3889\" href=\"https:\/\/pateka.de\/de\/2024\/06\/28\/upcoming-project\/\" class=\"tpg-post-link\" target=\"_self\">Bildung erweitern, Zukunft st\u00e4rken<\/a><\/h3><\/div>\n\t\t\t                <div class=\"post-meta-tags rt-el-post-meta\">\n\t\t\t\t\t            <span class='categories-links'>\n\t\t\t\t<i class='fas fa-folder-open'><\/i><a class=\"upcoming-project\" href=\"https:\/\/pateka.de\/de\/category\/upcoming-project\/\">Bildungschancen erweitern<\/a>\t\t\t<\/span>\n\t\t\t                <\/div>\n\t\t\t\n\n\t\t\t                <div class=\"tpg-excerpt tpg-el-excerpt\">\n\t\t\t\t\t                        <div class=\"tpg-excerpt-inner\">\n\t\t\t\t\t\t\tWir planen, unsere Unterst\u00fctzung auf weitere L\u00e4nder in Afrika und Asien auszudehnen, mit Schwerpunkt auf Regionen mit erheblichen Bildungsnachteilen aufgrund hoher Nachfrage und des Potenzials f\u00fcr positive Auswirkungen auf die Gemeinschaft.                        <\/div>\n\t\t\t\t\t\t\t\t\t\t                <\/div>\n\t\t\t\n\t\t\t        <div class=\"post-footer\">\n            <div class=\"post-footer\">\n                <div class=\"read-more\">\n\t\t\t\t\t<a data-id=\"3889\" href=\"https:\/\/pateka.de\/de\/2024\/06\/28\/upcoming-project\/\" class=\"tpg-post-link\" target=\"_self\">Mehr lesen<\/a>                <\/div>\n            <\/div>\n        <\/div>\n\t\t        <\/div>\n    <\/div>\n<\/div>\n<div class=\"rt-col-md-4 rt-col-sm-6 rt-col-xs-12 default rt-grid-item post-3887 post type-post status-publish format-standard has-post-thumbnail hentry category-upcoming-project\"        data-id=\"3887\">\n    <div class=\"rt-holder tpg-post-holder\">\n        <div class=\"rt-detail rt-el-content-wrapper\">\n\t\t\t                <div class=\"rt-img-holder tpg-el-image-wrap has-thumbnail\">\n\t\t\t\t\t<a data-id=\"3887\" href=\"https:\/\/pateka.de\/de\/2024\/06\/28\/planned-charity-events\/\" class=\"tpg-post-link\" target=\"_self\">                        <img loading=\"lazy\" decoding=\"async\" src=\"https:\/\/pateka.de\/wp-content\/uploads\/2024\/06\/group-fans-gathered-thge-stadium-cheering-up-768x512.jpg\"\n                             class=\"rt-img-responsive\"\n                             width=\"768\"\n                             height=\"512\"\n                             alt=\"Planned Charity Events\">\n\t\t\t\t\t\t\n\t\t\t\t\t\t\t\n\t\t<\/a>\n\t\t        <div class=\"overlay grid-hover-content\"><\/div>\n\t\t                <\/div>\n\t\t\t\n\t\t\t<div class=\"entry-title-wrapper\"><h3 class=\"entry-title\"><a data-id=\"3887\" href=\"https:\/\/pateka.de\/de\/2024\/06\/28\/planned-charity-events\/\" class=\"tpg-post-link\" target=\"_self\">Benefizveranstaltungen<\/a><\/h3><\/div>\n\t\t\t                <div class=\"post-meta-tags rt-el-post-meta\">\n\t\t\t\t\t            <span class='categories-links'>\n\t\t\t\t<i class='fas fa-folder-open'><\/i><a class=\"upcoming-project\" href=\"https:\/\/pateka.de\/de\/category\/upcoming-project\/\">Bildungschancen erweitern<\/a>\t\t\t<\/span>\n\t\t\t                <\/div>\n\t\t\t\n\n\t\t\t                <div class=\"tpg-excerpt tpg-el-excerpt\">\n\t\t\t\t\t                        <div class=\"tpg-excerpt-inner\">\n\t\t\t\t\t\t\tWir werden verschiedene Initiativen organisieren, um Geldmittel zu beschaffen und unsere Arbeit bekannter zu machen, darunter den j\u00e4hrlichen Wohlt\u00e4tigkeitsball, eine Galaveranstaltung, sowie Wohlt\u00e4tigkeitsl\u00e4ufe und Sportveranstaltungen, die Spenden einbringen...                        <\/div>\n\t\t\t\t\t\t\t\t\t\t                <\/div>\n\t\t\t\n\t\t\t        <div class=\"post-footer\">\n            <div class=\"post-footer\">\n                <div class=\"read-more\">\n\t\t\t\t\t<a data-id=\"3887\" href=\"https:\/\/pateka.de\/de\/2024\/06\/28\/planned-charity-events\/\" class=\"tpg-post-link\" target=\"_self\">Mehr lesen<\/a>                <\/div>\n            <\/div>\n        <\/div>\n\t\t        <\/div>\n    <\/div>\n<\/div>\n<div class=\"rt-col-md-4 rt-col-sm-6 rt-col-xs-12 default rt-grid-item post-3885 post type-post status-publish format-standard has-post-thumbnail hentry category-upcoming-project\"        data-id=\"3885\">\n    <div class=\"rt-holder tpg-post-holder\">\n        <div class=\"rt-detail rt-el-content-wrapper\">\n\t\t\t                <div class=\"rt-img-holder tpg-el-image-wrap has-thumbnail\">\n\t\t\t\t\t<a data-id=\"3885\" href=\"https:\/\/pateka.de\/de\/2024\/06\/28\/exciting-collaboration\/\" class=\"tpg-post-link\" target=\"_self\">                        <img loading=\"lazy\" decoding=\"async\" src=\"https:\/\/pateka.de\/wp-content\/uploads\/2024\/06\/pexels-fauxels-3184431-scaled-e1740335709158-768x511.jpg\"\n                             class=\"rt-img-responsive\"\n                             width=\"768\"\n                             height=\"511\"\n                             alt=\"Exciting Collaboration\">\n\t\t\t\t\t\t\n\t\t\t\t\t\t\t\n\t\t<\/a>\n\t\t        <div class=\"overlay grid-hover-content\"><\/div>\n\t\t                <\/div>\n\t\t\t\n\t\t\t<div class=\"entry-title-wrapper\"><h3 class=\"entry-title\"><a data-id=\"3885\" href=\"https:\/\/pateka.de\/de\/2024\/06\/28\/exciting-collaboration\/\" class=\"tpg-post-link\" target=\"_self\">Spannende Zusammenarbeit<\/a><\/h3><\/div>\n\t\t\t                <div class=\"post-meta-tags rt-el-post-meta\">\n\t\t\t\t\t            <span class='categories-links'>\n\t\t\t\t<i class='fas fa-folder-open'><\/i><a class=\"upcoming-project\" href=\"https:\/\/pateka.de\/de\/category\/upcoming-project\/\">Bildungschancen erweitern<\/a>\t\t\t<\/span>\n\t\t\t                <\/div>\n\t\t\t\n\n\t\t\t                <div class=\"tpg-excerpt tpg-el-excerpt\">\n\t\t\t\t\t                        <div class=\"tpg-excerpt-inner\">\n\t\t\t\t\t\t\tWir glauben an die Kraft der Zusammenarbeit, um unsere Wirkung zu verst\u00e4rken und unsere Reichweite zu erweitern. Daher freuen wir uns, mit einer Vielzahl angesehener Organisationen zusammenzuarbeiten, darunter auch das F\u00f6rderungsnetzwerk Afrika e.V...                        <\/div>\n\t\t\t\t\t\t\t\t\t\t                <\/div>\n\t\t\t\n\t\t\t        <div class=\"post-footer\">\n            <div class=\"post-footer\">\n                <div class=\"read-more\">\n\t\t\t\t\t<a data-id=\"3885\" href=\"https:\/\/pateka.de\/de\/2024\/06\/28\/exciting-collaboration\/\" class=\"tpg-post-link\" target=\"_self\">Mehr lesen<\/a>                <\/div>\n            <\/div>\n        <\/div>\n\t\t        <\/div>\n    <\/div>\n<\/div>\n\t\t\t<\/div>\n\t\t\t\n\t\t<\/div>\n\t\t\t\t\t\t<\/div>\n\t\t\t\t<\/div>\n\t\t\t\t\t<\/div>\n\t\t\t\t<\/div>\n\t\t<div class=\"elementor-element elementor-element-861324c e-flex e-con-boxed wpr-particle-no wpr-jarallax-no wpr-parallax-no wpr-sticky-section-no wpr-equal-height-no e-con e-parent\" data-id=\"861324c\" data-element_type=\"container\" data-e-type=\"container\" data-settings=\"{&quot;background_background&quot;:&quot;classic&quot;,&quot;animation&quot;:&quot;none&quot;}\">\n\t\t\t\t\t<div class=\"e-con-inner\">\n\t\t<div class=\"elementor-element elementor-element-e6f7510 e-flex e-con-boxed wpr-particle-no wpr-jarallax-no wpr-parallax-no wpr-sticky-section-no wpr-equal-height-no e-con e-child\" data-id=\"e6f7510\" data-element_type=\"container\" data-e-type=\"container\" data-settings=\"{&quot;background_background&quot;:&quot;classic&quot;}\">\n\t\t\t\t\t<div class=\"e-con-inner\">\n\t\t\t\t<div class=\"elementor-element elementor-element-38d485a elementor-invisible elementor-widget elementor-widget-text-editor\" data-id=\"38d485a\" data-element_type=\"widget\" data-e-type=\"widget\" data-settings=\"{&quot;_animation&quot;:&quot;fadeInLeft&quot;}\" data-widget_type=\"text-editor.default\">\n\t\t\t\t<div class=\"elementor-widget-container\">\n\t\t\t\t\t\t\t\t\t<p>Helfen Sie uns, etwas zu bewegen! Unterst\u00fctzen Sie unseren Auftrag, indem Sie spenden, ehrenamtlich arbeiten oder eine Partnerschaft mit uns eingehen. Gemeinsam k\u00f6nnen wir das Leben durch Bildung ver\u00e4ndern.<\/p>\t\t\t\t\t\t\t\t<\/div>\n\t\t\t\t<\/div>\n\t\t\t\t<div class=\"elementor-element elementor-element-bade2db elementor-align-center elementor-invisible elementor-widget elementor-widget-button\" data-id=\"bade2db\" data-element_type=\"widget\" data-e-type=\"widget\" data-settings=\"{&quot;_animation&quot;:&quot;fadeInLeft&quot;}\" data-widget_type=\"button.default\">\n\t\t\t\t<div class=\"elementor-widget-container\">\n\t\t\t\t\t\t\t\t\t<div class=\"elementor-button-wrapper\">\n\t\t\t\t\t<a class=\"elementor-button elementor-button-link elementor-size-sm elementor-animation-pulse-grow\" href=\"https:\/\/pateka.de\/de\/donations\/support-our-mission\/\">\n\t\t\t\t\t\t<span class=\"elementor-button-content-wrapper\">\n\t\t\t\t\t\t\t\t\t<span class=\"elementor-button-text\">Unterst\u00fctze eine Sache<\/span>\n\t\t\t\t\t<\/span>\n\t\t\t\t\t<\/a>\n\t\t\t\t<\/div>\n\t\t\t\t\t\t\t\t<\/div>\n\t\t\t\t<\/div>\n\t\t\t\t\t<\/div>\n\t\t\t\t<\/div>\n\t\t\t\t\t<\/div>\n\t\t\t\t<\/div>\n\t\t\t\t<\/div>","protected":false},"excerpt":{"rendered":"<p>Upcoming Projects Fostering Education and Exchange Across Borders Upcoming Project We are proud to announce the planning of an exciting new project focused on education and intercultural exchange. In collaboration with a dedicated organization in Colombia, we aim to launch a&#8230; Read More Community Programme Upcoming Project We will organize various community programs designed to support students and pupils beyond financial aid. These programs will establish support groups that offer&#8230; Read More Education scholarship Upcoming Project We will be\u00a0 committed to provide educational scholarships for needy children, youth, and students both domestically and internationally&#8230; Read More Expanding Educational Opportunities Upcoming Project We plan to extend our support to more countries in Africa and Asia, focusing on regions with significant educational disadvantages due to high demand and the potential for positive community impacts&#8230; Read More Planned Charity Events Upcoming Project We will organize various initiatives to raise funds and increase awareness of our work, including the Annual Charity Ball, a gala event, and charity runs and sports events that generate donations&#8230; Read More Exciting Collaboration Upcoming Project We believe in the power of collaboration to enhance our efforts and extend our reach. We are excited to partner with a variety of esteemed organizations, including F\u00f6rderungsnetzwerk Afrika e.V&#8230; Read More Join us in making a difference! Support our mission by donating, volunteering, or partnering with us today. Together, we can transform lives through education. Support a Cause<\/p>","protected":false},"author":1,"featured_media":0,"parent":0,"menu_order":0,"comment_status":"closed","ping_status":"closed","template":"elementor_canvas","meta":{"give_campaign_id":0,"footnotes":""},"class_list":["post-1678","page","type-page","status-publish","hentry"],"campaignId":"","rttpg_featured_image_url":null,"rttpg_author":{"display_name":"Zabibnasser@gmail.","author_link":"https:\/\/pateka.de\/de\/author\/zabibnassergmail\/"},"rttpg_comment":0,"rttpg_category":"","rttpg_excerpt":"Upcoming Projects Fostering Education and Exchange Across Borders Upcoming Project We are proud to announce the planning of an exciting new project focused on education and intercultural exchange. In collaboration with a dedicated organization in Colombia, we aim to launch a&#8230; Read More Community Programme Upcoming Project We will organize various community programs designed to&hellip;","_links":{"self":[{"href":"https:\/\/pateka.de\/de\/wp-json\/wp\/v2\/pages\/1678","targetHints":{"allow":["GET"]}}],"collection":[{"href":"https:\/\/pateka.de\/de\/wp-json\/wp\/v2\/pages"}],"about":[{"href":"https:\/\/pateka.de\/de\/wp-json\/wp\/v2\/types\/page"}],"author":[{"embeddable":true,"href":"https:\/\/pateka.de\/de\/wp-json\/wp\/v2\/users\/1"}],"replies":[{"embeddable":true,"href":"https:\/\/pateka.de\/de\/wp-json\/wp\/v2\/comments?post=1678"}],"version-history":[{"count":202,"href":"https:\/\/pateka.de\/de\/wp-json\/wp\/v2\/pages\/1678\/revisions"}],"predecessor-version":[{"id":5820,"href":"https:\/\/pateka.de\/de\/wp-json\/wp\/v2\/pages\/1678\/revisions\/5820"}],"wp:attachment":[{"href":"https:\/\/pateka.de\/de\/wp-json\/wp\/v2\/media?parent=1678"}],"curies":[{"name":"wp","href":"https:\/\/api.w.org\/{rel}","templated":true}]}}