{"id":2851,"date":"2024-05-14T07:29:35","date_gmt":"2024-05-14T07:29:35","guid":{"rendered":"https:\/\/dev-pateka.pantheonsite.io\/?page_id=2851"},"modified":"2025-10-05T01:43:00","modified_gmt":"2025-10-05T01:43:00","slug":"current","status":"publish","type":"page","link":"https:\/\/pateka.de\/de\/current\/","title":{"rendered":"Erfolgreiche Projekte"},"content":{"rendered":"<div data-elementor-type=\"wp-page\" data-elementor-id=\"2851\" class=\"elementor elementor-2851\">\n\t\t\t\t<div class=\"elementor-element elementor-element-5d903c4 e-flex e-con-boxed wpr-particle-no wpr-jarallax-no wpr-parallax-no wpr-sticky-section-no wpr-equal-height-no e-con e-parent\" data-id=\"5d903c4\" data-element_type=\"container\" data-e-type=\"container\" data-settings=\"{&quot;background_background&quot;:&quot;classic&quot;,&quot;animation&quot;:&quot;none&quot;}\">\n\t\t\t\t\t<div class=\"e-con-inner\">\n\t\t\t\t<div class=\"elementor-element elementor-element-523ed0e elementor-invisible elementor-widget elementor-widget-heading\" data-id=\"523ed0e\" data-element_type=\"widget\" data-e-type=\"widget\" data-settings=\"{&quot;_animation&quot;:&quot;fadeInLeft&quot;}\" data-widget_type=\"heading.default\">\n\t\t\t\t<div class=\"elementor-widget-container\">\n\t\t\t\t\t<h2 class=\"elementor-heading-title elementor-size-default\">Erfolgreiche Projekte<\/h2>\t\t\t\t<\/div>\n\t\t\t\t<\/div>\n\t\t\t\t\t<\/div>\n\t\t\t\t<\/div>\n\t\t<div class=\"elementor-element elementor-element-847af4a e-flex e-con-boxed wpr-particle-no wpr-jarallax-no wpr-parallax-no wpr-sticky-section-no wpr-equal-height-no e-con e-parent\" data-id=\"847af4a\" data-element_type=\"container\" data-e-type=\"container\">\n\t\t\t\t\t<div class=\"e-con-inner\">\n\t\t<div class=\"elementor-element elementor-element-6b0fde7 e-con-full e-flex wpr-particle-no wpr-jarallax-no wpr-parallax-no wpr-sticky-section-no wpr-equal-height-no elementor-invisible e-con e-child\" data-id=\"6b0fde7\" data-element_type=\"container\" data-e-type=\"container\" data-settings=\"{&quot;animation&quot;:&quot;fadeInLeft&quot;}\">\n\t\t\t\t<div class=\"elementor-element elementor-element-4cd35ca elementor-widget elementor-widget-heading\" data-id=\"4cd35ca\" data-element_type=\"widget\" data-e-type=\"widget\" data-widget_type=\"heading.default\">\n\t\t\t\t<div class=\"elementor-widget-container\">\n\t\t\t\t\t<h2 class=\"elementor-heading-title elementor-size-default\">Erens Hauterkrankung<\/h2>\t\t\t\t<\/div>\n\t\t\t\t<\/div>\n\t\t\t\t<div class=\"elementor-element elementor-element-1086908 elementor-widget elementor-widget-text-editor\" data-id=\"1086908\" data-element_type=\"widget\" data-e-type=\"widget\" data-widget_type=\"text-editor.default\">\n\t\t\t\t<div class=\"elementor-widget-container\">\n\t\t\t\t\t\t\t\t\t<p>Im Jahr 2023 leisteten wir einem jungen M\u00e4dchen namens Eren, das unter einer schwierigen Hautkrankheit litt, wichtige Unterst\u00fctzung. Ihr Zustand erforderte die regelm\u00e4\u00dfige Anwendung von Bepanthen-Creme, die f\u00fcr ihren t\u00e4glichen Komfort und ihr Wohlbefinden entscheidend ist. Diese Initiative spiegelt unser Engagement f\u00fcr die Verbesserung der Lebensqualit\u00e4t von Menschen mit besonderen Bed\u00fcrfnissen wider, indem wir sicherstellen, dass sie die f\u00fcr ihre Gesundheit und ihr Gl\u00fcck notwendigen Pflegeleistungen und Ressourcen erhalten.<\/p>\t\t\t\t\t\t\t\t<\/div>\n\t\t\t\t<\/div>\n\t\t\t\t<div class=\"elementor-element elementor-element-61274f8 elementor-widget elementor-widget-button\" data-id=\"61274f8\" data-element_type=\"widget\" data-e-type=\"widget\" data-widget_type=\"button.default\">\n\t\t\t\t<div class=\"elementor-widget-container\">\n\t\t\t\t\t\t\t\t\t<div class=\"elementor-button-wrapper\">\n\t\t\t\t\t<a class=\"elementor-button elementor-button-link elementor-size-sm elementor-animation-pulse-grow\" href=\"https:\/\/pateka.de\/de\/donations\/support-our-mission\/\">\n\t\t\t\t\t\t<span class=\"elementor-button-content-wrapper\">\n\t\t\t\t\t\t\t\t\t<span class=\"elementor-button-text\">Unterst\u00fctze mehr wie Eren<\/span>\n\t\t\t\t\t<\/span>\n\t\t\t\t\t<\/a>\n\t\t\t\t<\/div>\n\t\t\t\t\t\t\t\t<\/div>\n\t\t\t\t<\/div>\n\t\t\t\t<\/div>\n\t\t<div class=\"elementor-element elementor-element-51686ae e-con-full e-flex wpr-particle-no wpr-jarallax-no wpr-parallax-no wpr-sticky-section-no wpr-equal-height-no elementor-invisible e-con e-child\" data-id=\"51686ae\" data-element_type=\"container\" data-e-type=\"container\" data-settings=\"{&quot;animation&quot;:&quot;fadeInRight&quot;}\">\n\t\t\t\t<div class=\"elementor-element elementor-element-cce7d74 elementor-widget elementor-widget-image\" data-id=\"cce7d74\" data-element_type=\"widget\" data-e-type=\"widget\" data-widget_type=\"image.default\">\n\t\t\t\t<div class=\"elementor-widget-container\">\n\t\t\t\t\t\t\t\t\t\t\t\t\t\t\t<img fetchpriority=\"high\" decoding=\"async\" width=\"960\" height=\"540\" src=\"https:\/\/pateka.de\/wp-content\/uploads\/2024\/08\/Untitled-design-60-1024x576.png\" class=\"attachment-large size-large wp-image-4532\" alt=\"\" srcset=\"https:\/\/pateka.de\/wp-content\/uploads\/2024\/08\/Untitled-design-60-1024x576.png 1024w, https:\/\/pateka.de\/wp-content\/uploads\/2024\/08\/Untitled-design-60-300x169.png 300w, https:\/\/pateka.de\/wp-content\/uploads\/2024\/08\/Untitled-design-60-768x432.png 768w, https:\/\/pateka.de\/wp-content\/uploads\/2024\/08\/Untitled-design-60-1536x864.png 1536w, https:\/\/pateka.de\/wp-content\/uploads\/2024\/08\/Untitled-design-60-18x10.png 18w, https:\/\/pateka.de\/wp-content\/uploads\/2024\/08\/Untitled-design-60.png 1920w\" sizes=\"(max-width: 960px) 100vw, 960px\" \/>\t\t\t\t\t\t\t\t\t\t\t\t\t\t\t<\/div>\n\t\t\t\t<\/div>\n\t\t\t\t<\/div>\n\t\t\t\t\t<\/div>\n\t\t\t\t<\/div>\n\t\t<div class=\"elementor-element elementor-element-c3d132a e-flex e-con-boxed wpr-particle-no wpr-jarallax-no wpr-parallax-no wpr-sticky-section-no wpr-equal-height-no e-con e-parent\" data-id=\"c3d132a\" data-element_type=\"container\" data-e-type=\"container\" data-settings=\"{&quot;background_background&quot;:&quot;classic&quot;}\">\n\t\t\t\t\t<div class=\"e-con-inner\">\n\t\t<div class=\"elementor-element elementor-element-1ab21b3 e-con-full e-flex wpr-particle-no wpr-jarallax-no wpr-parallax-no wpr-sticky-section-no wpr-equal-height-no elementor-invisible e-con e-child\" data-id=\"1ab21b3\" data-element_type=\"container\" data-e-type=\"container\" data-settings=\"{&quot;background_background&quot;:&quot;classic&quot;,&quot;animation&quot;:&quot;fadeInLeft&quot;}\">\n\t\t\t\t<div class=\"elementor-element elementor-element-aa3ffed elementor-widget elementor-widget-heading\" data-id=\"aa3ffed\" data-element_type=\"widget\" data-e-type=\"widget\" data-widget_type=\"heading.default\">\n\t\t\t\t<div class=\"elementor-widget-container\">\n\t\t\t\t\t<h2 class=\"elementor-heading-title elementor-size-default\">Unser gr\u00f6\u00dftes Projekt<\/h2>\t\t\t\t<\/div>\n\t\t\t\t<\/div>\n\t\t\t\t<div class=\"elementor-element elementor-element-1ce70aa elementor-widget elementor-widget-heading\" data-id=\"1ce70aa\" data-element_type=\"widget\" data-e-type=\"widget\" data-widget_type=\"heading.default\">\n\t\t\t\t<div class=\"elementor-widget-container\">\n\t\t\t\t\t<h2 class=\"elementor-heading-title elementor-size-default\">Unterst\u00fctzung f\u00fcr eine Schule in der T\u00fcrkei <\/h2>\t\t\t\t<\/div>\n\t\t\t\t<\/div>\n\t\t\t\t<div class=\"elementor-element elementor-element-25c70f7 elementor-widget elementor-widget-text-editor\" data-id=\"25c70f7\" data-element_type=\"widget\" data-e-type=\"widget\" data-widget_type=\"text-editor.default\">\n\t\t\t\t<div class=\"elementor-widget-container\">\n\t\t\t\t\t\t\t\t\t<p>Wir haben einen bedeutenden Beitrag geleistet, indem wir eine Schule in der T\u00fcrkei mit wichtigen Materialien und Kleidung unterst\u00fctzt haben \u2013 und so das Lernerlebnis der Sch\u00fcler deutlich verbessert. Dieses Projekt zeigt unser Engagement, notwendige Ressourcen bereitzustellen, um Lernumgebungen zu verbessern.<\/p>\t\t\t\t\t\t\t\t<\/div>\n\t\t\t\t<\/div>\n\t\t\t\t<div class=\"elementor-element elementor-element-5666432 elementor-button-info elementor-align-left elementor-widget elementor-widget-button\" data-id=\"5666432\" data-element_type=\"widget\" data-e-type=\"widget\" data-widget_type=\"button.default\">\n\t\t\t\t<div class=\"elementor-widget-container\">\n\t\t\t\t\t\t\t\t\t<div class=\"elementor-button-wrapper\">\n\t\t\t\t\t<a class=\"elementor-button elementor-button-link elementor-size-sm elementor-animation-pulse-grow\" href=\"https:\/\/pateka.de\/de\/donations\/support-our-mission\/\">\n\t\t\t\t\t\t<span class=\"elementor-button-content-wrapper\">\n\t\t\t\t\t\t\t\t\t<span class=\"elementor-button-text\">Mach mit beim Geben<\/span>\n\t\t\t\t\t<\/span>\n\t\t\t\t\t<\/a>\n\t\t\t\t<\/div>\n\t\t\t\t\t\t\t\t<\/div>\n\t\t\t\t<\/div>\n\t\t\t\t<\/div>\n\t\t<div class=\"elementor-element elementor-element-705f32a e-con-full e-flex wpr-particle-no wpr-jarallax-no wpr-parallax-no wpr-sticky-section-no wpr-equal-height-no e-con e-child\" data-id=\"705f32a\" data-element_type=\"container\" data-e-type=\"container\">\n\t\t\t\t<\/div>\n\t\t\t\t\t<\/div>\n\t\t\t\t<\/div>\n\t\t\t\t<\/div>","protected":false},"excerpt":{"rendered":"<p>Successful Projects Erens Skin Disorder In 2023,\u00a0 we extended vital support to a young girl called eren facing a challenging skin disorder. Her condition required regular use of Bepanthen cream, crucial for her daily comfort and well-being. This initiative reflects our commitment to improving the quality of life for individuals with unique needs, ensuring they receive the essential care and resources necessary for their health and happiness. Support More Like Eren Our Biggest Project Supportting a School in Turkey We made a substantial impact by assisting a school in Turkey with vital supplies and clothing, significantly enhancing the students&#8217; educational experience. This project demonstrates our commitment to providing essential resources to improve learning environments. Join Us in Giving<\/p>","protected":false},"author":1,"featured_media":0,"parent":0,"menu_order":0,"comment_status":"closed","ping_status":"closed","template":"elementor_canvas","meta":{"give_campaign_id":0,"footnotes":""},"class_list":["post-2851","page","type-page","status-publish","hentry"],"campaignId":"","rttpg_featured_image_url":null,"rttpg_author":{"display_name":"Zabibnasser@gmail.","author_link":"https:\/\/pateka.de\/de\/author\/zabibnassergmail\/"},"rttpg_comment":0,"rttpg_category":null,"rttpg_excerpt":"Successful Projects Erens Skin Disorder In 2023,\u00a0 we extended vital support to a young girl called eren facing a challenging skin disorder. Her condition required regular use of Bepanthen cream, crucial for her daily comfort and well-being. This initiative reflects our commitment to improving the quality of life for individuals with unique needs, ensuring they&hellip;","_links":{"self":[{"href":"https:\/\/pateka.de\/de\/wp-json\/wp\/v2\/pages\/2851","targetHints":{"allow":["GET"]}}],"collection":[{"href":"https:\/\/pateka.de\/de\/wp-json\/wp\/v2\/pages"}],"about":[{"href":"https:\/\/pateka.de\/de\/wp-json\/wp\/v2\/types\/page"}],"author":[{"embeddable":true,"href":"https:\/\/pateka.de\/de\/wp-json\/wp\/v2\/users\/1"}],"replies":[{"embeddable":true,"href":"https:\/\/pateka.de\/de\/wp-json\/wp\/v2\/comments?post=2851"}],"version-history":[{"count":309,"href":"https:\/\/pateka.de\/de\/wp-json\/wp\/v2\/pages\/2851\/revisions"}],"predecessor-version":[{"id":5830,"href":"https:\/\/pateka.de\/de\/wp-json\/wp\/v2\/pages\/2851\/revisions\/5830"}],"wp:attachment":[{"href":"https:\/\/pateka.de\/de\/wp-json\/wp\/v2\/media?parent=2851"}],"curies":[{"name":"wp","href":"https:\/\/api.w.org\/{rel}","templated":true}]}}