{"id":5544,"date":"2025-09-24T13:12:33","date_gmt":"2025-09-24T13:12:33","guid":{"rendered":"https:\/\/pateka.de\/?page_id=5544"},"modified":"2025-10-07T18:14:36","modified_gmt":"2025-10-07T18:14:36","slug":"current-projects","status":"publish","type":"page","link":"https:\/\/pateka.de\/de\/current-projects\/","title":{"rendered":"Unsere aktuellen Projekte"},"content":{"rendered":"<div data-elementor-type=\"wp-page\" data-elementor-id=\"5544\" class=\"elementor elementor-5544\">\n\t\t\t\t<div class=\"elementor-element elementor-element-adeba78 e-flex e-con-boxed wpr-particle-no wpr-jarallax-no wpr-parallax-no wpr-sticky-section-no wpr-equal-height-no e-con e-parent\" data-id=\"adeba78\" data-element_type=\"container\" data-e-type=\"container\" data-settings=\"{&quot;background_background&quot;:&quot;classic&quot;}\">\n\t\t\t\t\t<div class=\"e-con-inner\">\n\t\t\t\t<div class=\"elementor-element elementor-element-5786589 elementor-invisible elementor-widget elementor-widget-heading\" data-id=\"5786589\" data-element_type=\"widget\" data-e-type=\"widget\" data-settings=\"{&quot;_animation&quot;:&quot;fadeInLeft&quot;}\" data-widget_type=\"heading.default\">\n\t\t\t\t<div class=\"elementor-widget-container\">\n\t\t\t\t\t<h2 class=\"elementor-heading-title elementor-size-default\">Unsere aktuellen Projekte<\/h2>\t\t\t\t<\/div>\n\t\t\t\t<\/div>\n\t\t\t\t\t<\/div>\n\t\t\t\t<\/div>\n\t\t<div class=\"elementor-element elementor-element-737b439 e-flex e-con-boxed wpr-particle-no wpr-jarallax-no wpr-parallax-no wpr-sticky-section-no wpr-equal-height-no e-con e-parent\" data-id=\"737b439\" data-element_type=\"container\" data-e-type=\"container\">\n\t\t\t\t\t<div class=\"e-con-inner\">\n\t\t\t\t<div class=\"elementor-element elementor-element-7de7256 elementor-invisible elementor-widget elementor-widget-heading\" data-id=\"7de7256\" data-element_type=\"widget\" data-e-type=\"widget\" data-settings=\"{&quot;_animation&quot;:&quot;fadeInDown&quot;}\" data-widget_type=\"heading.default\">\n\t\t\t\t<div class=\"elementor-widget-container\">\n\t\t\t\t\t<h2 class=\"elementor-heading-title elementor-size-default\">Unsere Zusammenarbeit mit ArtsyAfrica<\/h2>\t\t\t\t<\/div>\n\t\t\t\t<\/div>\n\t\t\t\t\t<\/div>\n\t\t\t\t<\/div>\n\t\t<div class=\"elementor-element elementor-element-d31b178 e-flex e-con-boxed wpr-particle-no wpr-jarallax-no wpr-parallax-no wpr-sticky-section-no wpr-equal-height-no e-con e-parent\" data-id=\"d31b178\" data-element_type=\"container\" data-e-type=\"container\">\n\t\t\t\t\t<div class=\"e-con-inner\">\n\t\t<div class=\"elementor-element elementor-element-d03e4c5 e-con-full e-flex wpr-particle-no wpr-jarallax-no wpr-parallax-no wpr-sticky-section-no wpr-equal-height-no elementor-invisible e-con e-child\" data-id=\"d03e4c5\" data-element_type=\"container\" data-e-type=\"container\" data-settings=\"{&quot;animation&quot;:&quot;fadeInLeft&quot;}\">\n\t\t\t\t<div class=\"elementor-element elementor-element-e6393bb elementor-widget elementor-widget-text-editor\" data-id=\"e6393bb\" data-element_type=\"widget\" data-e-type=\"widget\" data-widget_type=\"text-editor.default\">\n\t\t\t\t<div class=\"elementor-widget-container\">\n\t\t\t\t\t\t\t\t\t<p>Seit Anfang dieses Jahres arbeiten wir eng mit unserem Partner, der ArtsyAfrica Academy, an einem gemeinsamen Projekt in Uganda. Unsere Mission: Kindern und Jugendlichen einen gerechten und barrierefreien Zugang zu Bildung zu erm\u00f6glichen.<\/p><p>In Uganda ist der Schulbesuch nicht kostenlos \u2013 Familien m\u00fcssen jedes Trimester Geb\u00fchren und Materialkosten zahlen. Ohne diese Unterst\u00fctzung brechen viele Kinder die Schule ab und verlieren so wichtige Zukunftschancen.<\/p><p>Derzeit k\u00f6nnen sich 15 Kinder in der Obhut von ArtsyAfrica die Schule nicht leisten. Viele von ihnen haben ein oder beide Elternteile verloren und stehen vor einer ungewissen Zukunft.<\/p><p>Pateka e.V. unterst\u00fctzt 10 dieser Kinder, indem wir s\u00e4mtliche Schulgeb\u00fchren und Materialkosten f\u00fcr den Rest des Jahres \u00fcbernehmen \u2013 damit sie weiter lernen, wachsen und ihre Tr\u00e4ume verwirklichen\u00a0k\u00f6nnen.<\/p>\t\t\t\t\t\t\t\t<\/div>\n\t\t\t\t<\/div>\n\t\t\t\t<div class=\"elementor-element elementor-element-c3e41c3 elementor-widget elementor-widget-button\" data-id=\"c3e41c3\" data-element_type=\"widget\" data-e-type=\"widget\" data-widget_type=\"button.default\">\n\t\t\t\t<div class=\"elementor-widget-container\">\n\t\t\t\t\t\t\t\t\t<div class=\"elementor-button-wrapper\">\n\t\t\t\t\t<a class=\"elementor-button elementor-button-link elementor-size-sm elementor-animation-pulse-grow\" href=\"https:\/\/pateka.de\/de\/donations\/support-our-mission\/\">\n\t\t\t\t\t\t<span class=\"elementor-button-content-wrapper\">\n\t\t\t\t\t\t\t\t\t<span class=\"elementor-button-text\">Unterst\u00fctze die Sache<\/span>\n\t\t\t\t\t<\/span>\n\t\t\t\t\t<\/a>\n\t\t\t\t<\/div>\n\t\t\t\t\t\t\t\t<\/div>\n\t\t\t\t<\/div>\n\t\t\t\t<\/div>\n\t\t<div class=\"elementor-element elementor-element-c980096 e-con-full e-flex wpr-particle-no wpr-jarallax-no wpr-parallax-no wpr-sticky-section-no wpr-equal-height-no elementor-invisible e-con e-child\" data-id=\"c980096\" data-element_type=\"container\" data-e-type=\"container\" data-settings=\"{&quot;animation&quot;:&quot;fadeInRight&quot;}\">\n\t\t\t\t<div class=\"elementor-element elementor-element-409de65 elementor-widget elementor-widget-video\" data-id=\"409de65\" data-element_type=\"widget\" data-e-type=\"widget\" data-settings=\"{&quot;video_type&quot;:&quot;vimeo&quot;,&quot;autoplay&quot;:&quot;yes&quot;,&quot;play_on_mobile&quot;:&quot;yes&quot;,&quot;loop&quot;:&quot;yes&quot;}\" data-widget_type=\"video.default\">\n\t\t\t\t<div class=\"elementor-widget-container\">\n\t\t\t\t\t\t\t<div class=\"elementor-wrapper elementor-open-inline\">\n\t\t\t<iframe class=\"elementor-video-iframe\" allowfullscreen allow=\"autoplay\" title=\"vimeo Video Player\" src=\"https:\/\/player.vimeo.com\/video\/1125260961?autoplay=1&amp;playsinline=1&amp;color&amp;autopause=0&amp;loop=1&amp;muted=0&amp;title=0&amp;portrait=0&amp;byline=0#t=\"><\/iframe>\t\t<\/div>\n\t\t\t\t\t\t<\/div>\n\t\t\t\t<\/div>\n\t\t\t\t<\/div>\n\t\t\t\t\t<\/div>\n\t\t\t\t<\/div>\n\t\t<div class=\"elementor-element elementor-element-94ddf37 e-flex e-con-boxed wpr-particle-no wpr-jarallax-no wpr-parallax-no wpr-sticky-section-no wpr-equal-height-no e-con e-parent\" data-id=\"94ddf37\" data-element_type=\"container\" data-e-type=\"container\">\n\t\t\t\t\t<div class=\"e-con-inner\">\n\t\t\t\t<div class=\"elementor-element elementor-element-ed59d71 elementor-invisible elementor-widget elementor-widget-heading\" data-id=\"ed59d71\" data-element_type=\"widget\" data-e-type=\"widget\" data-settings=\"{&quot;_animation&quot;:&quot;fadeInDown&quot;}\" data-widget_type=\"heading.default\">\n\t\t\t\t<div class=\"elementor-widget-container\">\n\t\t\t\t\t<h2 class=\"elementor-heading-title elementor-size-default\">Eine Familie braucht unsere Hilfe<\/h2>\t\t\t\t<\/div>\n\t\t\t\t<\/div>\n\t\t\t\t\t<\/div>\n\t\t\t\t<\/div>\n\t\t<div class=\"elementor-element elementor-element-bd98eeb e-flex e-con-boxed wpr-particle-no wpr-jarallax-no wpr-parallax-no wpr-sticky-section-no wpr-equal-height-no e-con e-parent\" data-id=\"bd98eeb\" data-element_type=\"container\" data-e-type=\"container\">\n\t\t\t\t\t<div class=\"e-con-inner\">\n\t\t<div class=\"elementor-element elementor-element-7792748 e-con-full e-flex wpr-particle-no wpr-jarallax-no wpr-parallax-no wpr-sticky-section-no wpr-equal-height-no elementor-invisible e-con e-child\" data-id=\"7792748\" data-element_type=\"container\" data-e-type=\"container\" data-settings=\"{&quot;animation&quot;:&quot;fadeInLeft&quot;}\">\n\t\t\t\t<div class=\"elementor-element elementor-element-52f06d3 elementor-widget elementor-widget-text-editor\" data-id=\"52f06d3\" data-element_type=\"widget\" data-e-type=\"widget\" data-widget_type=\"text-editor.default\">\n\t\t\t\t<div class=\"elementor-widget-container\">\n\t\t\t\t\t\t\t\t\t<p>Der Schulbeginn ist f\u00fcr die meisten Familien eine aufregende Zeit. F\u00fcr eine besondere Familie in der T\u00fcrkei stellt er jedoch eine gro\u00dfe Herausforderung dar. Nach dem tragischen Tod ihrer Mutter fanden vier Geschwister ein neues Zuhause bei ihrer Gro\u00dffamilie. Die Familie besteht nun aus zehn Personen, die trotz eigener Schwierigkeiten die Waisenkinder mit offenen Armen aufgenommen haben.<\/p><p>Dank der gro\u00dfz\u00fcgigen Unterst\u00fctzung eines Spenders konnten wir die initialen Kosten f\u00fcr den Schulstart decken. Dennoch werden die Kinder in den kommenden Monaten und Jahren weiterhin Schulmaterialien wie Hefte, B\u00fccher und Sportausr\u00fcstung ben\u00f6tigen.<\/p><p>Um die Familie nachhaltig zu entlasten, unterst\u00fctzen wir sie zus\u00e4tzlich mit monatlich 100 Euro f\u00fcr Lebensmittel.<\/p><p>Helfen Sie uns, diesen Kindern eine faire Chance auf Bildung zu erm\u00f6glichen. Jede Spende tr\u00e4gt dazu bei, dass sie mit den notwendigen Dingen f\u00fcr die Schule ausgestattet sind und optimistisch in eine bessere Zukunft\u00a0blicken\u00a0k\u00f6nnen.<\/p>\t\t\t\t\t\t\t\t<\/div>\n\t\t\t\t<\/div>\n\t\t\t\t<div class=\"elementor-element elementor-element-6ee047e elementor-widget elementor-widget-button\" data-id=\"6ee047e\" data-element_type=\"widget\" data-e-type=\"widget\" data-widget_type=\"button.default\">\n\t\t\t\t<div class=\"elementor-widget-container\">\n\t\t\t\t\t\t\t\t\t<div class=\"elementor-button-wrapper\">\n\t\t\t\t\t<a class=\"elementor-button elementor-button-link elementor-size-sm elementor-animation-pulse-grow\" href=\"https:\/\/pateka.de\/de\/donations\/support-our-mission\/\">\n\t\t\t\t\t\t<span class=\"elementor-button-content-wrapper\">\n\t\t\t\t\t\t\t\t\t<span class=\"elementor-button-text\">Unterst\u00fctze die Sache<\/span>\n\t\t\t\t\t<\/span>\n\t\t\t\t\t<\/a>\n\t\t\t\t<\/div>\n\t\t\t\t\t\t\t\t<\/div>\n\t\t\t\t<\/div>\n\t\t\t\t<\/div>\n\t\t<div class=\"elementor-element elementor-element-dc673df e-con-full e-flex wpr-particle-no wpr-jarallax-no wpr-parallax-no wpr-sticky-section-no wpr-equal-height-no elementor-invisible e-con e-child\" data-id=\"dc673df\" data-element_type=\"container\" data-e-type=\"container\" data-settings=\"{&quot;animation&quot;:&quot;fadeInRight&quot;}\">\n\t\t\t\t<div class=\"elementor-element elementor-element-1ad0bb2 elementor-widget elementor-widget-image\" data-id=\"1ad0bb2\" data-element_type=\"widget\" data-e-type=\"widget\" data-widget_type=\"image.default\">\n\t\t\t\t<div class=\"elementor-widget-container\">\n\t\t\t\t\t\t\t\t\t\t\t\t\t\t\t<img fetchpriority=\"high\" decoding=\"async\" width=\"720\" height=\"480\" src=\"https:\/\/pateka.de\/wp-content\/uploads\/2025\/09\/webp_sd4801.webp\" class=\"attachment-large size-large wp-image-5586\" alt=\"\" srcset=\"https:\/\/pateka.de\/wp-content\/uploads\/2025\/09\/webp_sd4801.webp 720w, https:\/\/pateka.de\/wp-content\/uploads\/2025\/09\/webp_sd4801-300x200.webp 300w, https:\/\/pateka.de\/wp-content\/uploads\/2025\/09\/webp_sd4801-18x12.webp 18w\" sizes=\"(max-width: 720px) 100vw, 720px\" \/>\t\t\t\t\t\t\t\t\t\t\t\t\t\t\t<\/div>\n\t\t\t\t<\/div>\n\t\t\t\t<\/div>\n\t\t\t\t\t<\/div>\n\t\t\t\t<\/div>\n\t\t\t\t<\/div>","protected":false},"excerpt":{"rendered":"<p>Current Projects Our Collaboration With Artsy Africa\u00a0Academy Since early this year, we have been working closely with our partner, the ArtsyAfrica Academy, to launch a joint project in Uganda. Our mission: to give children and young people fair and barrier-free access to education. In Uganda, school attendance is not free \u2013 families must pay fees and cover material costs each term. Without this support, many children are forced to drop out, limiting their future opportunities. Currently, 15 children under ArtsyAfrica\u2019s care cannot afford schooling. Many have lost one or both parents and face an uncertain future. With Pateka e.V., we are committed to supporting 10 of these children by covering all school fees and materials for the rest of the year \u2013 ensuring they can continue to learn, grow, and pursue\u00a0their\u00a0dreams. Support Cause A Family in Need The start of a new school year is an exciting time for most families. However, for one special family in Turkey, it presents a significant challenge. Following the tragic death of their mother, four siblings found a new home with their extended family. The family now consists of ten people who, despite their own struggles, have welcomed the orphans with open arms. Thanks to the generous support of a sponsor, we were able to cover the initial costs for the school year. Still, the children will continue to need essential school supplies like notebooks, books, and sports equipment in the months and years to come. To provide ongoing relief for the family, we also support them with 100 Euros per month for groceries. Help us give these children a fair chance at an education. Every donation helps ensure they are equipped with the necessary school supplies and can look forward to a brighter future\u00a0with\u00a0optimism. Support Cause<\/p>","protected":false},"author":6,"featured_media":0,"parent":0,"menu_order":0,"comment_status":"closed","ping_status":"closed","template":"elementor_canvas","meta":{"give_campaign_id":0,"footnotes":""},"class_list":["post-5544","page","type-page","status-publish","hentry"],"campaignId":"","rttpg_featured_image_url":null,"rttpg_author":{"display_name":"rogers","author_link":"https:\/\/pateka.de\/de\/author\/rogers\/"},"rttpg_comment":0,"rttpg_category":null,"rttpg_excerpt":"Current Projects Our Collaboration With Artsy Africa\u00a0Academy Since early this year, we have been working closely with our partner, the ArtsyAfrica Academy, to launch a joint project in Uganda. Our mission: to give children and young people fair and barrier-free access to education. In Uganda, school attendance is not free \u2013 families must pay fees&hellip;","_links":{"self":[{"href":"https:\/\/pateka.de\/de\/wp-json\/wp\/v2\/pages\/5544","targetHints":{"allow":["GET"]}}],"collection":[{"href":"https:\/\/pateka.de\/de\/wp-json\/wp\/v2\/pages"}],"about":[{"href":"https:\/\/pateka.de\/de\/wp-json\/wp\/v2\/types\/page"}],"author":[{"embeddable":true,"href":"https:\/\/pateka.de\/de\/wp-json\/wp\/v2\/users\/6"}],"replies":[{"embeddable":true,"href":"https:\/\/pateka.de\/de\/wp-json\/wp\/v2\/comments?post=5544"}],"version-history":[{"count":71,"href":"https:\/\/pateka.de\/de\/wp-json\/wp\/v2\/pages\/5544\/revisions"}],"predecessor-version":[{"id":5929,"href":"https:\/\/pateka.de\/de\/wp-json\/wp\/v2\/pages\/5544\/revisions\/5929"}],"wp:attachment":[{"href":"https:\/\/pateka.de\/de\/wp-json\/wp\/v2\/media?parent=5544"}],"curies":[{"name":"wp","href":"https:\/\/api.w.org\/{rel}","templated":true}]}}